{"id":3744,"date":"2014-01-06T16:12:37","date_gmt":"2014-01-06T16:12:37","guid":{"rendered":"http:\/\/localhost:8888\/themes\/novice\/?page_id=3744"},"modified":"2025-05-09T00:37:54","modified_gmt":"2025-05-09T00:37:54","slug":"home-parallax","status":"publish","type":"page","link":"https:\/\/chinampafarms.com\/en\/","title":{"rendered":"Inicio"},"content":{"rendered":"<div class=\"wpb-content-wrapper\"><div  class=\"wpb_row vc_row-fluid full-width-section section  section-no-parallax  stretch   \" data-speed=\"1\" style=\"background-color: #fffde7; \"><div class=\"col span_12 color-dark left\">\n\t<div class=\"vc_col-sm-4 wpb_column column_container col vertical-center text-align-center padding-4 animate color-dark\" style=\"background-color: #e3e358; \" data-animation=\"fade-in-from-left\" data-delay=\"5\">\n\t\t<div class=\"wpb_wrapper\">\n\t\t\t\n\t<div  class=\"wpb_single_image wpb_content_element vc_align_left wpb_content_element\">\n\t\t\n\t\t<figure class=\"wpb_wrapper vc_figure\">\n\t\t\t<div class=\"vc_single_image-wrapper   vc_box_border_grey\"><img loading=\"lazy\" decoding=\"async\" width=\"767\" height=\"831\" src=\"https:\/\/chinampafarms.com\/wp-content\/uploads\/2024\/08\/del_campo_a_tu_mesa_chinanpa.png\" class=\"vc_single_image-img attachment-full\" alt=\"\" title=\"del_campo_a_tu_mesa_chinanpa\" srcset=\"https:\/\/chinampafarms.com\/wp-content\/uploads\/2024\/08\/del_campo_a_tu_mesa_chinanpa.png 767w, https:\/\/chinampafarms.com\/wp-content\/uploads\/2024\/08\/del_campo_a_tu_mesa_chinanpa-277x300.png 277w\" sizes=\"auto, (max-width: 767px) 100vw, 767px\" \/><\/div>\n\t\t<\/figure>\n\t<\/div>\n\n\t\t<\/div> \n\t<\/div> \n\n\t<div class=\"vc_col-sm-8 wpb_column column_container col no-padding color-dark\" style=\"background-image: url(https:\/\/chinampafarms.com\/wp-content\/uploads\/2025\/05\/chinampafarms_peppers_home1.jpg); \" data-animation=\"\" data-delay=\"\">\n\t\t<div class=\"wpb_wrapper\">\n\t\t\t\n\t\t<\/div> \n\t<\/div> \n<\/div><\/div><div id=\"empresa\" class=\"wpb_row vc_row-fluid standard-section section  section-no-parallax  stretch   \" data-speed=\"1\" style=\"background-color: #ffffff; padding-top: 120px; padding-bottom: 120px; \"><div class=\"col span_12 color-dark left\">\n\t<div class=\"vc_col-sm-6 wpb_column column_container col vertical-center padding-1 color-dark\" style=\"\" data-animation=\"\" data-delay=\"\">\n\t\t<div class=\"wpb_wrapper\">\n\t\t\t<div class=\"video-embed  wpb_content_element\"><iframe loading=\"lazy\" title=\"Video Corporativo Chinampa\" width=\"1161\" height=\"653\" src=\"https:\/\/www.youtube.com\/embed\/5RIZ-1JQU-c?feature=oembed\" frameborder=\"0\" allow=\"accelerometer; autoplay; clipboard-write; encrypted-media; gyroscope; picture-in-picture; web-share\" referrerpolicy=\"strict-origin-when-cross-origin\" allowfullscreen><\/iframe><\/div>\n\t\t<\/div> \n\t<\/div> \n\n\t<div class=\"vc_col-sm-6 wpb_column column_container col no-padding color-dark\" style=\"\" data-animation=\"\" data-delay=\"\">\n\t\t<div class=\"wpb_wrapper\">\n\t\t\t<h3 class=\"headline font-inherit fontsize-l fontweight-700 lh-inherit align-left transform-inherit \" style=\"margin: 0 0 20px 0; color: #006344;\">NUESTRA EMPRESA<\/h3>\n\t<div class=\"wpb_text_column wpb_content_element\" >\n\t\t<div class=\"wpb_wrapper\">\n\t\t\t<p><strong>Chinampa Farms<\/strong> es una empresa mexicana con siete a\u00f1os de experiencia en la producci\u00f3n y exportaci\u00f3n de pimientos de alta calidad. Nos especializamos en llevar productos frescos y sostenibles a los mercados de Estados Unidos y Canad\u00e1. Nuestro compromiso con la excelencia y la agricultura responsable nos ha consolidado como un socio confiable en la industria, garantizando siempre la frescura y el sabor que nuestros clientes merecen.<\/p>\n\n\t\t<\/div>\n\t<\/div>\n<div class=\"vc_btn3-container vc_btn3-inline vc_do_btn\" ><a class=\"vc_general vc_btn3 vc_btn3-size-md vc_btn3-shape-rounded vc_btn3-style-classic vc_btn3-color-success\" href=\"#contacto\" title=\"\">ENVIAR UN CORREO<\/a><\/div>\n\t\t<\/div> \n\t<\/div> \n<\/div><\/div><div id=\"productos\" class=\"wpb_row vc_row-fluid standard-section section  section-no-parallax  stretch   \" data-speed=\"1\" style=\"background-color: #13342b; padding-top: 100px; padding-bottom: 100px; \"><div class=\"col span_12 color-dark left\">\n\t<div class=\"vc_col-sm-12 wpb_column column_container col text-align-center no-padding color-dark\" style=\"\" data-animation=\"\" data-delay=\"\">\n\t\t<div class=\"wpb_wrapper\">\n\t\t\t\n\t<div  class=\"wpb_single_image wpb_content_element vc_align_center wpb_content_element\">\n\t\t\n\t\t<figure class=\"wpb_wrapper vc_figure\">\n\t\t\t<div class=\"vc_single_image-wrapper   vc_box_border_grey\"><img loading=\"lazy\" decoding=\"async\" width=\"300\" height=\"173\" src=\"https:\/\/chinampafarms.com\/wp-content\/uploads\/2024\/08\/1chinampa_nuestros_productos-300x173.png\" class=\"vc_single_image-img attachment-medium\" alt=\"Nuestros productos\" title=\"1chinampa_nuestros_productos\" srcset=\"https:\/\/chinampafarms.com\/wp-content\/uploads\/2024\/08\/1chinampa_nuestros_productos-300x173.png 300w, https:\/\/chinampafarms.com\/wp-content\/uploads\/2024\/08\/1chinampa_nuestros_productos.png 737w\" sizes=\"auto, (max-width: 300px) 100vw, 300px\" \/><\/div>\n\t\t<\/figure>\n\t<\/div>\n<div class=\"spacer\" style=\"height: 40px;\"><\/div><div class=\"vc_row wpb_row vc_inner vc_row-fluid\"><div class=\"wpb_column vc_column_container vc_col-sm-4\"><div class=\"vc_column-inner\"><div class=\"wpb_wrapper\"><div class=\"single_image wpb_content_element align-center  animate   \" data-animation=\"fade-in-from-left\" data-delay=\"5\"><img loading=\"lazy\" decoding=\"async\" width=\"768\" height=\"433\" src=\"https:\/\/chinampafarms.com\/wp-content\/uploads\/2025\/02\/1.chinampa-farms-pimiento-naranja-768x433-1.png\" class=\"attachment-full\" alt=\"\" title=\"1.chinampa-farms-pimiento-naranja-768x433\" srcset=\"https:\/\/chinampafarms.com\/wp-content\/uploads\/2025\/02\/1.chinampa-farms-pimiento-naranja-768x433-1.png 768w, https:\/\/chinampafarms.com\/wp-content\/uploads\/2025\/02\/1.chinampa-farms-pimiento-naranja-768x433-1-300x169.png 300w\" sizes=\"auto, (max-width: 768px) 100vw, 768px\" \/><\/div>\n\t<div class=\"wpb_text_column wpb_content_element\" >\n\t\t<div class=\"wpb_wrapper\">\n\t\t\t<h2 style=\"text-align: center;\"><span style=\"color: #ffffff;\"><strong>PIMIENTO NARANJA<\/strong><\/span><\/h2>\n\n\t\t<\/div>\n\t<\/div>\n\n\t<div class=\"wpb_text_column wpb_content_element\" >\n\t\t<div class=\"wpb_wrapper\">\n\t\t\t<p style=\"text-align: center;\"><span style=\"color: #e0eee4;\">Promueve la salud ocular, fortalece el sistema inmunol\u00f3gico y protege la piel gracias a su contenido de vitamina C, antioxidantes y betacarotenos.<\/span><\/p>\n\n\t\t<\/div>\n\t<\/div>\n<div class=\"vc_btn3-container vc_btn3-center vc_do_btn\" ><a class=\"vc_general vc_btn3 vc_btn3-size-lg vc_btn3-shape-rounded vc_btn3-style-classic vc_btn3-color-success\" href=\"#contacto\" title=\"\">CONT\u00c1CTANOS<\/a><\/div><\/div><\/div><\/div><div class=\"wpb_column vc_column_container vc_col-sm-4\"><div class=\"vc_column-inner\"><div class=\"wpb_wrapper\"><div class=\"single_image wpb_content_element align-center  animate   \" data-animation=\"fade-in-from-bottom\" data-delay=\"5\"><img loading=\"lazy\" decoding=\"async\" width=\"768\" height=\"433\" src=\"https:\/\/chinampafarms.com\/wp-content\/uploads\/2025\/02\/2.chinampa-farms-pimiento-amarillo-768x433-1.png\" class=\"attachment-full\" alt=\"\" title=\"2.chinampa-farms-pimiento-amarillo-768x433\" srcset=\"https:\/\/chinampafarms.com\/wp-content\/uploads\/2025\/02\/2.chinampa-farms-pimiento-amarillo-768x433-1.png 768w, https:\/\/chinampafarms.com\/wp-content\/uploads\/2025\/02\/2.chinampa-farms-pimiento-amarillo-768x433-1-300x169.png 300w\" sizes=\"auto, (max-width: 768px) 100vw, 768px\" \/><\/div>\n\t<div class=\"wpb_text_column wpb_content_element\" >\n\t\t<div class=\"wpb_wrapper\">\n\t\t\t<h2 style=\"text-align: center;\"><span style=\"color: #ffffff;\"><strong>PIMIENTO AMARILLO<\/strong><\/span><\/h2>\n\n\t\t<\/div>\n\t<\/div>\n\n\t<div class=\"wpb_text_column wpb_content_element\" >\n\t\t<div class=\"wpb_wrapper\">\n\t\t\t<div class=\"flex-shrink-0 flex flex-col relative items-end\">\n<div>\n<div class=\"pt-0\">\n<div class=\"gizmo-bot-avatar flex h-8 w-8 items-center justify-center overflow-hidden rounded-full\">\n<div class=\"relative p-1 rounded-sm flex items-center justify-center bg-token-main-surface-primary text-token-text-primary h-8 w-8\"><span style=\"color: #e0eee4;\">Fortalece el sistema inmunol\u00f3gico y combate el envejecimiento gracias a su alto contenido de vitamina C y antioxidantes.<\/span><\/div>\n<\/div>\n<\/div>\n<\/div>\n<\/div>\n\n\t\t<\/div>\n\t<\/div>\n<div class=\"vc_btn3-container vc_btn3-center vc_do_btn\" ><a class=\"vc_general vc_btn3 vc_btn3-size-lg vc_btn3-shape-rounded vc_btn3-style-classic vc_btn3-color-success\" href=\"#contacto\" title=\"\">CONT\u00c1CTANOS<\/a><\/div><\/div><\/div><\/div><div class=\"wpb_column vc_column_container vc_col-sm-4\"><div class=\"vc_column-inner\"><div class=\"wpb_wrapper\"><div class=\"single_image wpb_content_element align-center  animate   \" data-animation=\"fade-in-from-right\" data-delay=\"5\"><img loading=\"lazy\" decoding=\"async\" width=\"1021\" height=\"575\" src=\"https:\/\/chinampafarms.com\/wp-content\/uploads\/2024\/08\/chinampafarms_pimientorojo1.png\" class=\"attachment-full\" alt=\"\" title=\"chinampafarms_pimientorojo1\" srcset=\"https:\/\/chinampafarms.com\/wp-content\/uploads\/2024\/08\/chinampafarms_pimientorojo1.png 1021w, https:\/\/chinampafarms.com\/wp-content\/uploads\/2024\/08\/chinampafarms_pimientorojo1-300x169.png 300w, https:\/\/chinampafarms.com\/wp-content\/uploads\/2024\/08\/chinampafarms_pimientorojo1-768x433.png 768w, https:\/\/chinampafarms.com\/wp-content\/uploads\/2024\/08\/chinampafarms_pimientorojo1-1000x563.png 1000w\" sizes=\"auto, (max-width: 1021px) 100vw, 1021px\" \/><\/div>\n\t<div class=\"wpb_text_column wpb_content_element\" >\n\t\t<div class=\"wpb_wrapper\">\n\t\t\t<h2 style=\"text-align: center;\"><span style=\"color: #ffffff;\"><strong>PIMIENTO ROJO<\/strong><\/span><\/h2>\n\n\t\t<\/div>\n\t<\/div>\n\n\t<div class=\"wpb_text_column wpb_content_element\" >\n\t\t<div class=\"wpb_wrapper\">\n\t\t\t<p style=\"text-align: center;\"><span style=\"color: #e0eee4;\">Refuerza el sistema inmunol\u00f3gico, mejora la salud ocular y combate el envejecimiento celular gracias a su riqueza en vitamina C, antioxidantes y betacarotenos.<\/span><\/p>\n\n\t\t<\/div>\n\t<\/div>\n<div class=\"vc_btn3-container vc_btn3-center vc_do_btn\" ><a class=\"vc_general vc_btn3 vc_btn3-size-lg vc_btn3-shape-rounded vc_btn3-style-classic vc_btn3-color-success\" href=\"#contacto\" title=\"\">CONT\u00c1CTANOS<\/a><\/div><\/div><\/div><\/div><\/div>\n\t\t<\/div> \n\t<\/div> \n<\/div><\/div><div  class=\"wpb_row vc_row-fluid standard-section section  section-parallax  stretch bg-stretch  \" data-speed=\"1\" style=\"background-image: url(https:\/\/chinampafarms.com\/wp-content\/uploads\/2025\/05\/chinampafarms_peppers04_.jpg); padding-top: 100px; padding-bottom: 100px; \"><div class=\"col span_12 color-dark left\">\n\t<div class=\"vc_col-sm-12 wpb_column column_container col no-padding color-dark\" style=\"\" data-animation=\"\" data-delay=\"\">\n\t\t<div class=\"wpb_wrapper\">\n\t\t\t<h3 class=\"headline font-special fontsize-l fontweight-700 lh-inherit align-center transform-uppercase \" style=\"margin: 50px 0 50px 0; color: #ffffff;\">Creamos valor y bienestar en el sector agr\u00edcola<br \/>\na trav\u00e9s de productos con los m\u00e1s altos est\u00e1ndares de calidad.<\/h3><div class=\"vc_btn3-container vc_btn3-center vc_do_btn\" ><a class=\"vc_general vc_btn3 vc_btn3-size-md vc_btn3-shape-rounded vc_btn3-style-classic vc_btn3-color-success\" href=\"#contacto\" title=\"\">ENVIAR UN CORREO<\/a><\/div>\n\t\t<\/div> \n\t<\/div> \n<\/div><\/div><div id=\"gente\" class=\"wpb_row vc_row-fluid standard-section section  section-no-parallax  stretch   \" data-speed=\"1\" style=\"background-color: #ffffff; padding-top: 100px; padding-bottom: 100px; \"><div class=\"col span_12 color-dark left\">\n\t<div class=\"vc_col-sm-12 wpb_column column_container col no-padding color-dark\" style=\"\" data-animation=\"\" data-delay=\"\">\n\t\t<div class=\"wpb_wrapper\">\n\t\t\t\n\t<div  class=\"wpb_single_image wpb_content_element vc_align_center wpb_content_element\">\n\t\t\n\t\t<figure class=\"wpb_wrapper vc_figure\">\n\t\t\t<div class=\"vc_single_image-wrapper   vc_box_border_grey\"><img loading=\"lazy\" decoding=\"async\" width=\"300\" height=\"173\" src=\"https:\/\/chinampafarms.com\/wp-content\/uploads\/2024\/08\/chinampa_nuestra_gente-300x173.png\" class=\"vc_single_image-img attachment-medium\" alt=\"nuestra gente\" title=\"chinampa_nuestra_gente\" srcset=\"https:\/\/chinampafarms.com\/wp-content\/uploads\/2024\/08\/chinampa_nuestra_gente-300x173.png 300w, https:\/\/chinampafarms.com\/wp-content\/uploads\/2024\/08\/chinampa_nuestra_gente.png 737w\" sizes=\"auto, (max-width: 300px) 100vw, 300px\" \/><\/div>\n\t\t<\/figure>\n\t<\/div>\n<div class=\"spacer\" style=\"height: 40px;\"><\/div><div class=\"vc_row wpb_row vc_inner vc_row-fluid\"><div class=\"wpb_column vc_column_container vc_col-sm-6\"><div class=\"vc_column-inner\"><div class=\"wpb_wrapper\"><h2 class=\"headline font-inherit fontsize-xxxxxl fontweight-700 lh-inherit align-left transform-inherit \" style=\"margin: 40px 0 20px 0; color: #006344;\">Compromiso real<\/h2>\n\t<div class=\"wpb_text_column wpb_content_element\" >\n\t\t<div class=\"wpb_wrapper\">\n\t\t\t<h2>La calidad de nuestros pimientos es el <strong>reflejo del esfuerzo y dedicaci\u00f3n de nuestra gente.<\/strong><\/h2>\n\n\t\t<\/div>\n\t<\/div>\n<div class=\"spacer\" style=\"height: 100px;\"><\/div><div class=\"vc_btn3-container  wpb_animate_when_almost_visible wpb_slideInLeft slideInLeft vc_btn3-left vc_do_btn\" ><a class=\"vc_general vc_btn3 vc_btn3-size-lg vc_btn3-shape-rounded vc_btn3-style-classic vc_btn3-color-success\" href=\"#contacto\" title=\"\">CONT\u00c1CTANOS<\/a><\/div><\/div><\/div><\/div><div class=\"wpb_column vc_column_container vc_col-sm-6\"><div class=\"vc_column-inner\"><div class=\"wpb_wrapper\"><div class=\"gallery-style-2\">\n\t\t<style type=\"text\/css\">\n\t\t\t#gallery-1 {\n\t\t\t\tmargin: auto;\n\t\t\t}\n\t\t\t#gallery-1 .gallery-item {\n\t\t\t\tfloat: left;\n\t\t\t\tmargin-top: 10px;\n\t\t\t\ttext-align: center;\n\t\t\t\twidth: 50%;\n\t\t\t}\n\t\t\t#gallery-1 img {\n\t\t\t\tborder: 2px solid #cfcfcf;\n\t\t\t}\n\t\t\t#gallery-1 .gallery-caption {\n\t\t\t\tmargin-left: 0;\n\t\t\t}\n\t\t\t\/* see gallery_shortcode() in wp-includes\/media.php *\/\n\t\t<\/style>\n\t\t<div id='gallery-1' class='gallery galleryid-3744 gallery-columns-2 gallery-size-thumbnail'><dl class='gallery-item'>\n\t\t\t<dt class='gallery-icon portrait'>\n\t\t\t\t<img loading=\"lazy\" decoding=\"async\" width=\"150\" height=\"150\" src=\"https:\/\/chinampafarms.com\/wp-content\/uploads\/2024\/08\/WhatsApp-Image-2024-08-06-at-14.45.33-1-150x150.jpeg\" class=\"attachment-thumbnail size-thumbnail\" alt=\"\" srcset=\"https:\/\/chinampafarms.com\/wp-content\/uploads\/2024\/08\/WhatsApp-Image-2024-08-06-at-14.45.33-1-150x150.jpeg 150w, https:\/\/chinampafarms.com\/wp-content\/uploads\/2024\/08\/WhatsApp-Image-2024-08-06-at-14.45.33-1-80x80.jpeg 80w, https:\/\/chinampafarms.com\/wp-content\/uploads\/2024\/08\/WhatsApp-Image-2024-08-06-at-14.45.33-1-500x500.jpeg 500w\" sizes=\"auto, (max-width: 150px) 100vw, 150px\" \/>\n\t\t\t<\/dt><\/dl><dl class='gallery-item'>\n\t\t\t<dt class='gallery-icon portrait'>\n\t\t\t\t<img loading=\"lazy\" decoding=\"async\" width=\"150\" height=\"150\" src=\"https:\/\/chinampafarms.com\/wp-content\/uploads\/2024\/08\/WhatsApp-Image-2024-08-06-at-14.45.33-3-150x150.jpeg\" class=\"attachment-thumbnail size-thumbnail\" alt=\"\" srcset=\"https:\/\/chinampafarms.com\/wp-content\/uploads\/2024\/08\/WhatsApp-Image-2024-08-06-at-14.45.33-3-150x150.jpeg 150w, https:\/\/chinampafarms.com\/wp-content\/uploads\/2024\/08\/WhatsApp-Image-2024-08-06-at-14.45.33-3-80x80.jpeg 80w, https:\/\/chinampafarms.com\/wp-content\/uploads\/2024\/08\/WhatsApp-Image-2024-08-06-at-14.45.33-3-500x500.jpeg 500w, https:\/\/chinampafarms.com\/wp-content\/uploads\/2024\/08\/WhatsApp-Image-2024-08-06-at-14.45.33-3-1000x1000.jpeg 1000w\" sizes=\"auto, (max-width: 150px) 100vw, 150px\" \/>\n\t\t\t<\/dt><\/dl><br style=\"clear: both\" \/><dl class='gallery-item'>\n\t\t\t<dt class='gallery-icon landscape'>\n\t\t\t\t<img loading=\"lazy\" decoding=\"async\" width=\"150\" height=\"150\" src=\"https:\/\/chinampafarms.com\/wp-content\/uploads\/2024\/08\/WhatsApp-Image-2024-08-06-at-14.45.33-5-150x150.jpeg\" class=\"attachment-thumbnail size-thumbnail\" alt=\"\" srcset=\"https:\/\/chinampafarms.com\/wp-content\/uploads\/2024\/08\/WhatsApp-Image-2024-08-06-at-14.45.33-5-150x150.jpeg 150w, https:\/\/chinampafarms.com\/wp-content\/uploads\/2024\/08\/WhatsApp-Image-2024-08-06-at-14.45.33-5-80x80.jpeg 80w, https:\/\/chinampafarms.com\/wp-content\/uploads\/2024\/08\/WhatsApp-Image-2024-08-06-at-14.45.33-5-500x500.jpeg 500w, https:\/\/chinampafarms.com\/wp-content\/uploads\/2024\/08\/WhatsApp-Image-2024-08-06-at-14.45.33-5-1000x1000.jpeg 1000w\" sizes=\"auto, (max-width: 150px) 100vw, 150px\" \/>\n\t\t\t<\/dt><\/dl><dl class='gallery-item'>\n\t\t\t<dt class='gallery-icon portrait'>\n\t\t\t\t<img loading=\"lazy\" decoding=\"async\" width=\"150\" height=\"150\" src=\"https:\/\/chinampafarms.com\/wp-content\/uploads\/2024\/08\/WhatsApp-Image-2024-08-06-at-14.45.33-4-150x150.jpeg\" class=\"attachment-thumbnail size-thumbnail\" alt=\"\" srcset=\"https:\/\/chinampafarms.com\/wp-content\/uploads\/2024\/08\/WhatsApp-Image-2024-08-06-at-14.45.33-4-150x150.jpeg 150w, https:\/\/chinampafarms.com\/wp-content\/uploads\/2024\/08\/WhatsApp-Image-2024-08-06-at-14.45.33-4-80x80.jpeg 80w, https:\/\/chinampafarms.com\/wp-content\/uploads\/2024\/08\/WhatsApp-Image-2024-08-06-at-14.45.33-4-500x500.jpeg 500w\" sizes=\"auto, (max-width: 150px) 100vw, 150px\" \/>\n\t\t\t<\/dt><\/dl><br style=\"clear: both\" \/>\n\t\t<\/div>\n<\/div><\/div><\/div><\/div><\/div>\n\t\t<\/div> \n\t<\/div> \n<\/div><\/div><div id=\"contacto\" class=\"wpb_row vc_row-fluid full-width-section section  section-no-parallax  stretch   \" data-speed=\"1\" style=\"\"><div class=\"col span_12 color-dark left\">\n\t<div class=\"vc_col-sm-6 wpb_column column_container col vertical-center custom-padding color-custom\" style=\"color: #44bdbd; background-color: #222222; background-image: url(https:\/\/chinampafarms.com\/wp-content\/uploads\/2025\/05\/chinampafarms_peppers02.jpg); padding: 0px 0px 0px 0px; \" data-animation=\"\" data-delay=\"\">\n\t\t<div class=\"wpb_wrapper\">\n\t\t\t\n\t\t<\/div> \n\t<\/div> \n\n\t<div class=\"vc_col-sm-6 wpb_column column_container col vertical-center padding-5 color-light\" style=\"background-color: #58a55c; \" data-animation=\"\" data-delay=\"\">\n\t\t<div class=\"wpb_wrapper\">\n\t\t\t\n<div class=\"wpcf7 no-js\" id=\"wpcf7-f7-o1\" lang=\"es-ES\" dir=\"ltr\" data-wpcf7-id=\"7\">\n<div class=\"screen-reader-response\"><p role=\"status\" aria-live=\"polite\" aria-atomic=\"true\"><\/p> <ul><\/ul><\/div>\n<form action=\"\/en\/wp-json\/wp\/v2\/pages\/3744#wpcf7-f7-o1\" method=\"post\" class=\"wpcf7-form init\" aria-label=\"Formulario de contacto\" novalidate=\"novalidate\" data-status=\"init\">\n<fieldset class=\"hidden-fields-container\"><input type=\"hidden\" name=\"_wpcf7\" value=\"7\" \/><input type=\"hidden\" name=\"_wpcf7_version\" value=\"6.1.6\" \/><input type=\"hidden\" name=\"_wpcf7_locale\" value=\"es_ES\" \/><input type=\"hidden\" name=\"_wpcf7_unit_tag\" value=\"wpcf7-f7-o1\" \/><input type=\"hidden\" name=\"_wpcf7_container_post\" value=\"0\" \/><input type=\"hidden\" name=\"_wpcf7_posted_data_hash\" value=\"\" \/>\n<\/fieldset>\n<p>Tu nombre<br \/>\n<span class=\"wpcf7-form-control-wrap\" data-name=\"your-name\"><input size=\"40\" maxlength=\"400\" class=\"wpcf7-form-control wpcf7-text wpcf7-validates-as-required\" autocomplete=\"name\" aria-required=\"true\" aria-invalid=\"false\" value=\"\" type=\"text\" name=\"your-name\" \/><\/span><br \/>\nTu correo electr\u00f3nico<br \/>\n<span class=\"wpcf7-form-control-wrap\" data-name=\"your-email\"><input size=\"40\" maxlength=\"400\" class=\"wpcf7-form-control wpcf7-email wpcf7-validates-as-required wpcf7-text wpcf7-validates-as-email\" autocomplete=\"email\" aria-required=\"true\" aria-invalid=\"false\" value=\"\" type=\"email\" name=\"your-email\" \/><\/span><br \/>\n<label> Asunto<br \/>\n<span class=\"wpcf7-form-control-wrap\" data-name=\"your-subject\"><input size=\"40\" maxlength=\"400\" class=\"wpcf7-form-control wpcf7-text wpcf7-validates-as-required\" aria-required=\"true\" aria-invalid=\"false\" value=\"\" type=\"text\" name=\"your-subject\" \/><\/span> <\/label><br \/>\n<label> Tu mensaje (opcional)<br \/>\n<span class=\"wpcf7-form-control-wrap\" data-name=\"your-message\"><textarea cols=\"40\" rows=\"10\" maxlength=\"2000\" class=\"wpcf7-form-control wpcf7-textarea\" aria-invalid=\"false\" name=\"your-message\"><\/textarea><\/span> <\/label><br \/>\n<input class=\"wpcf7-form-control wpcf7-submit has-spinner\" type=\"submit\" value=\"Enviar\" \/>\n<\/p><p style=\"display: none !important;\" class=\"akismet-fields-container\" data-prefix=\"_wpcf7_ak_\"><label>&#916;<textarea name=\"_wpcf7_ak_hp_textarea\" cols=\"45\" rows=\"8\" maxlength=\"100\"><\/textarea><\/label><input type=\"hidden\" id=\"ak_js_1\" name=\"_wpcf7_ak_js\" value=\"115\"\/><script type=\"text\/javascript\">\n\/* <![CDATA[ *\/\ndocument.getElementById( \"ak_js_1\" ).setAttribute( \"value\", ( new Date() ).getTime() );\n\/* ]]> *\/\n<\/script>\n<\/p><div class=\"wpcf7-response-output\" aria-hidden=\"true\"><\/div>\n<\/form>\n<\/div>\n\n\t\t<\/div> \n\t<\/div> \n<\/div><\/div>\n<\/div>","protected":false},"excerpt":{"rendered":"NUESTRA EMPRESA Chinampa Farms es una empresa mexicana con siete a\u00f1os de experiencia en la producci\u00f3n y exportaci\u00f3n de pimientos de alta calidad. Nos especializamos en llevar productos frescos y sostenibles a los mercados de Estados Unidos y Canad\u00e1. Nuestro compromiso con la excelencia y la agricultura responsable nos ha consolidado como un socio confiable en la industria, garantizando siempre la frescura y el sabor que nuestros clientes merecen. ENVIAR UN CORREO PIMIENTO NARANJA Promueve la salud ocular, fortalece el sistema inmunol\u00f3gico y protege la piel gracias a su contenido de vitamina C, antioxidantes y betacarotenos. CONT\u00c1CTANOS PIMIENTO AMARILLO Fortalece el sistema inmunol\u00f3gico y combate el envejecimiento gracias a su alto contenido de vitamina C y antioxidantes. CONT\u00c1CTANOS PIMIENTO ROJO Refuerza el sistema inmunol\u00f3gico, mejora la salud ocular y combate el envejecimiento celular gracias a su riqueza en vitamina C, antioxidantes y betacarotenos. CONT\u00c1CTANOS Creamos valor y bienestar en el sector agr\u00edcola a trav\u00e9s de productos con los m\u00e1s altos est\u00e1ndares de calidad.ENVIAR UN CORREO Compromiso real La calidad de nuestros pimientos es el reflejo del esfuerzo y dedicaci\u00f3n de nuestra gente. CONT\u00c1CTANOS Tu nombre Tu correo electr\u00f3nico Asunto Tu mensaje (opcional) &#916;","protected":false},"author":1,"featured_media":0,"parent":0,"menu_order":0,"comment_status":"closed","ping_status":"open","template":"","meta":{"footnotes":""},"class_list":["post-3744","page","type-page","status-publish","hentry"],"_links":{"self":[{"href":"https:\/\/chinampafarms.com\/en\/wp-json\/wp\/v2\/pages\/3744","targetHints":{"allow":["GET"]}}],"collection":[{"href":"https:\/\/chinampafarms.com\/en\/wp-json\/wp\/v2\/pages"}],"about":[{"href":"https:\/\/chinampafarms.com\/en\/wp-json\/wp\/v2\/types\/page"}],"author":[{"embeddable":true,"href":"https:\/\/chinampafarms.com\/en\/wp-json\/wp\/v2\/users\/1"}],"replies":[{"embeddable":true,"href":"https:\/\/chinampafarms.com\/en\/wp-json\/wp\/v2\/comments?post=3744"}],"version-history":[{"count":274,"href":"https:\/\/chinampafarms.com\/en\/wp-json\/wp\/v2\/pages\/3744\/revisions"}],"predecessor-version":[{"id":15775,"href":"https:\/\/chinampafarms.com\/en\/wp-json\/wp\/v2\/pages\/3744\/revisions\/15775"}],"wp:attachment":[{"href":"https:\/\/chinampafarms.com\/en\/wp-json\/wp\/v2\/media?parent=3744"}],"curies":[{"name":"wp","href":"https:\/\/api.w.org\/{rel}","templated":true}]}}